{"id":1798,"date":"2026-03-18T07:52:07","date_gmt":"2026-03-18T07:52:07","guid":{"rendered":"https:\/\/bude54.de\/jobs\/"},"modified":"2026-03-18T09:51:53","modified_gmt":"2026-03-18T09:51:53","slug":"jobs","status":"publish","type":"page","link":"https:\/\/bude54.de\/en\/jobs\/","title":{"rendered":"Jobs"},"content":{"rendered":"<section class=\"l-section wpb_row height_small\"><div class=\"l-section-h i-cf\"><div class=\"g-cols vc_row via_grid cols_2 laptops-cols_inherit tablets-cols_inherit mobiles-cols_1 valign_middle type_default stacking_default\" style=\"--columns-gap:0rem;\"><div class=\"wpb_column vc_column_container\"><div class=\"vc_column-inner\"><div class=\"wpb_text_column us_custom_9eaeff56 us_animate_this\"><div class=\"wpb_wrapper\"><h1 style=\"text-align: right;\" data-pm-slice=\"1 1 &#091;&#093;\">Job in SPO<\/h1>\n<\/div><\/div><div class=\"w-separator size_medium\"><\/div><div class=\"wpb_text_column us_custom_c7d9dd6b us_animate_this\"><div class=\"wpb_wrapper\"><p style=\"text-align: right;\" data-pm-slice=\"1 1 &#091;&#093;\"><span data-path-to-node=\"2,1\"><span class=\"citation-42\">Join our crew, where modern design meets Nordic down-to-earthness<\/span><\/span><span data-path-to-node=\"2,2\"><span class=\"citation-42 citation-end-42\"><\/span><\/span><span data-path-to-node=\"2,3\">.  <\/span><span data-path-to-node=\"2,4\"><span class=\"citation-41\"><\/span><\/span><span data-path-to-node=\"2,5\"><span class=\"citation-41\">With us, there\u2019s no stiff service\u2014just honest, friendly teamwork on equal footing<\/span><\/span><span data-path-to-node=\"2,6\"><span class=\"citation-41 citation-end-41\"><\/span><\/span><span data-path-to-node=\"2,7\">.  <\/span><span data-path-to-node=\"2,8\"><span class=\"citation-40\"><\/span><\/span><span data-path-to-node=\"2,9\"><span class=\"citation-40\">You create real feel-good moments in our Buden, or you\u2019re in the living room for a chat with our guests<\/span><\/span><span data-path-to-node=\"2,10\"><span class=\"citation-40 citation-end-40\"><\/span><\/span><span data-path-to-node=\"2,11\">.  <\/span><span data-path-to-node=\"2,12\"><span class=\"citation-39\"><\/span><\/span><span data-path-to-node=\"2,13\"><span class=\"citation-39\">We give you the freedom you need for your work, and an environment where you simply feel like you\u2019re visiting good friends<\/span><\/span><span data-path-to-node=\"2,14\"><span class=\"citation-39 citation-end-39\"><\/span><\/span><span data-path-to-node=\"2,15\">. We\u2019re looking forward to meeting you.<\/span><\/p>\n<\/div><\/div><div class=\"w-separator size_custom\" style=\"height:40px\"><\/div><div class=\"w-hwrapper us_custom_cf7ec838 us_animate_this valign_top wrap stack_on_mobiles align_right\"><div class=\"w-btn-wrapper align_none\"><a class=\"w-btn us-btn-style_25\" href=\"#housekeeping\"><span class=\"w-btn-label\">Housekeeping \/ Breakfast Support (all genders)<\/span><\/a><\/div><\/div><\/div><\/div><div class=\"wpb_column vc_column_container us_custom_95d492f5\"><div class=\"vc_column-inner\"><div class=\"w-separator hide_on_mobiles size_custom\" style=\"height:10vh\" id=\"hdeb\"><style>@media(max-width:600px){ #hdeb{height:14vh!important}}<\/style><\/div><div class=\"w-image us_custom_8c0d5f99 us_animate_this has_ratio align_none\"><div class=\"w-image-h\"><div style=\"padding-bottom:100%\"><\/div><img decoding=\"async\" width=\"1024\" height=\"683\" src=\"https:\/\/bude54.de\/wp-content\/uploads\/deko-details-holz-robbe-1024x683.jpg\" class=\"attachment-large size-large\" alt=\"\" loading=\"lazy\" \/><\/div><\/div><\/div><\/div><\/div><\/div><\/section><section class=\"l-section wpb_row height_small color_alternate\" id=\"housekeeping\"><div class=\"l-section-h i-cf\"><div class=\"g-cols vc_row via_grid cols_1 laptops-cols_inherit tablets-cols_inherit mobiles-cols_1 valign_top type_default stacking_default\"><div class=\"wpb_column vc_column_container\"><div class=\"vc_column-inner\"><div class=\"w-separator size_medium\"><\/div><h2 class=\"w-text us_custom_9d0eb06d us_animate_this\"><span class=\"w-text-h\"><span class=\"w-text-value\">Housekeeping \/ Breakfast Support (m\/f\/d)<\/span><\/span><\/h2><div class=\"wpb_text_column us_custom_6c21c073 us_animate_this with_collapsible_content\" data-content-height=\"150px\"><div class=\"wpb_wrapper\"><p>Starting immediately \u00b7 Part-time or full-time \u00b7 St. Peter-Ording<\/p>\n<\/div><div class=\"toggle-links align_none\"><button class=\"collapsible-content-more\">Show More<\/button><button class=\"collapsible-content-less\">Show Less<\/button><\/div><\/div><div class=\"w-separator size_small\"><\/div><\/div><\/div><\/div><\/div><\/section><section class=\"l-section wpb_row height_small color_alternate\"><div class=\"l-section-overlay\" style=\"background:var(--color-hintergrund-alternativ)\"><\/div><div class=\"l-section-h i-cf\"><div class=\"g-cols vc_row via_grid cols_1 laptops-cols_inherit tablets-cols_inherit mobiles-cols_1 valign_top type_default stacking_default\"><div class=\"wpb_column vc_column_container\"><div class=\"vc_column-inner\"><h3 class=\"w-text us_custom_f001ce7e us_animate_this\"><span class=\"w-text-h\"><span class=\"w-text-value\">Become part of the new Bude54<\/span><\/span><\/h3><div class=\"wpb_text_column us_custom_d77bca1a us_animate_this with_collapsible_content\" data-content-height=\"150px\"><div class=\"wpb_wrapper\"><p>Our Bude54 is a small, welcoming hotel right in the heart of St. Peter-Ording\u2014Nordic-clear, modern, and personal. After almost ten years, we\u2019re heading into the future with a new, Scandinavian-inspired concept: bright, pared-back aesthetics, natural materials, and a touch of understated luxury. <\/p>\n<p>After almost ten years, we\u2019ve rethought everything and fully renovated: bright rooms, natural materials, and a clean Scandinavian style. We want to create a place that combines calm, quality, and lightness\u2014for guests who want to enjoy the North Sea mindfully. To make sure our guests feel at home from the very first moment, we\u2019re looking for a warm, hands-on personality with a sense of order and an eye for detail to support our housekeeping and lend a hand with breakfast in the mornings.<\/p>\n<\/div><div class=\"toggle-links align_none\"><button class=\"collapsible-content-more\">Show More<\/button><button class=\"collapsible-content-less\">Show Less<\/button><\/div><\/div><\/div><\/div><\/div><\/div><\/section><section class=\"l-section wpb_row height_small color_alternate\"><div class=\"l-section-h i-cf\"><div class=\"g-cols vc_row via_grid cols_1 laptops-cols_inherit tablets-cols_inherit mobiles-cols_1 valign_top type_default stacking_default\"><div class=\"wpb_column vc_column_container\"><div class=\"vc_column-inner\"><h3 class=\"w-text us_custom_f001ce7e us_animate_this\"><span class=\"w-text-h\"><span class=\"w-text-value\">What to expect <\/span><\/span><\/h3><div class=\"w-vwrapper us_custom_d77bca1a us_animate_this align_none valign_top\"><div class=\"w-iconbox iconpos_left style_default color_primary align_left no_title\"><div class=\"w-iconbox-icon\" style=\"font-size:1rem;\"><i class=\"fas fa-check-square\"><\/i><\/div><div class=\"w-iconbox-meta\"><div class=\"w-iconbox-text\"><p>a small, family-like team with flat hierarchies<\/p>\n<\/div><\/div><\/div><div class=\"w-iconbox iconpos_left style_default color_primary align_left no_title\"><div class=\"w-iconbox-icon\" style=\"font-size:1rem;\"><i class=\"fas fa-check-square\"><\/i><\/div><div class=\"w-iconbox-meta\"><div class=\"w-iconbox-text\"><p>a fully, freshly renovated hotel with modern working conditions<\/p>\n<\/div><\/div><\/div><div class=\"w-iconbox iconpos_left style_default color_primary align_left no_title\"><div class=\"w-iconbox-icon\" style=\"font-size:1rem;\"><i class=\"fas fa-check-square\"><\/i><\/div><div class=\"w-iconbox-meta\"><div class=\"w-iconbox-text\"><p>predictable, fair working hours (6:30 AM\u20132:00 PM or 8:00 AM\u20133:30 PM)<\/p>\n<\/div><\/div><\/div><div class=\"w-iconbox iconpos_left style_default color_primary align_left no_title\"><div class=\"w-iconbox-icon\" style=\"font-size:1rem;\"><i class=\"fas fa-check-square\"><\/i><\/div><div class=\"w-iconbox-meta\"><div class=\"w-iconbox-text\"><p><span><strong>\u20ac2,400 gross salary<\/strong> (35 hrs\/week) plus holiday pay<\/span> and individual bonuses<\/p>\n<\/div><\/div><\/div><div class=\"w-iconbox iconpos_left style_default color_primary align_left no_title\"><div class=\"w-iconbox-icon\" style=\"font-size:1rem;\"><i class=\"fas fa-check-square\"><\/i><\/div><div class=\"w-iconbox-meta\"><div class=\"w-iconbox-text\"><p><span>more vacation days with length of service<\/span><\/p>\n<\/div><\/div><\/div><div class=\"w-iconbox iconpos_left style_default color_primary align_left no_title\"><div class=\"w-iconbox-icon\" style=\"font-size:1rem;\"><i class=\"fas fa-check-square\"><\/i><\/div><div class=\"w-iconbox-meta\"><div class=\"w-iconbox-text\"><p><span>staff discounts &amp; free meals<\/span><\/p>\n<\/div><\/div><\/div><\/div><\/div><\/div><\/div><\/div><\/section><section class=\"l-section wpb_row height_small color_alternate\"><div class=\"l-section-overlay\" style=\"background:var(--color-hintergrund-alternativ)\"><\/div><div class=\"l-section-h i-cf\"><div class=\"g-cols vc_row via_grid cols_1 laptops-cols_inherit tablets-cols_inherit mobiles-cols_1 valign_top type_default stacking_default\"><div class=\"wpb_column vc_column_container\"><div class=\"vc_column-inner\"><h3 class=\"w-text us_custom_d2eaf8d4 us_animate_this\"><span class=\"w-text-h\"><span class=\"w-text-value\">Your tasks<\/span><\/span><\/h3><div class=\"w-vwrapper us_custom_d77bca1a us_animate_this align_none valign_top\"><div class=\"w-iconbox iconpos_left style_default color_primary align_left no_title\"><div class=\"w-iconbox-icon\" style=\"font-size:1rem;\"><i class=\"fas fa-check-square\"><\/i><\/div><div class=\"w-iconbox-meta\"><div class=\"w-iconbox-text\"><p><span>Cleaning and caring for our guest rooms with an eye for detail<\/span><\/p>\n<\/div><\/div><\/div><div class=\"w-iconbox iconpos_left style_default color_primary align_left no_title\"><div class=\"w-iconbox-icon\" style=\"font-size:1rem;\"><i class=\"fas fa-check-square\"><\/i><\/div><div class=\"w-iconbox-meta\"><div class=\"w-iconbox-text\"><p><span>Keeping the hotel\u2019s public areas clean and tidy<\/span><\/p>\n<\/div><\/div><\/div><div class=\"w-iconbox iconpos_left style_default color_primary align_left no_title\"><div class=\"w-iconbox-icon\" style=\"font-size:1rem;\"><i class=\"fas fa-check-square\"><\/i><\/div><div class=\"w-iconbox-meta\"><div class=\"w-iconbox-text\"><p><span>Preparing breakfast in the morning<\/span><\/p>\n<\/div><\/div><\/div><div class=\"w-iconbox iconpos_left style_default color_primary align_left no_title\"><div class=\"w-iconbox-icon\" style=\"font-size:1rem;\"><i class=\"fas fa-check-square\"><\/i><\/div><div class=\"w-iconbox-meta\"><div class=\"w-iconbox-text\"><p><span>supporting the breakfast service when guests are there<\/span><\/p>\n<\/div><\/div><\/div><div class=\"w-iconbox iconpos_left style_default color_primary align_left no_title\"><div class=\"w-iconbox-icon\" style=\"font-size:1rem;\"><i class=\"fas fa-check-square\"><\/i><\/div><div class=\"w-iconbox-meta\"><div class=\"w-iconbox-text\"><p><span>working in a small team where everyone pitches in<\/span><\/p>\n<\/div><\/div><\/div><\/div><\/div><\/div><\/div><\/div><\/section><section class=\"l-section wpb_row height_small color_alternate\"><div class=\"l-section-h i-cf\"><div class=\"g-cols vc_row via_grid cols_1 laptops-cols_inherit tablets-cols_inherit mobiles-cols_1 valign_top type_default stacking_default\"><div class=\"wpb_column vc_column_container\"><div class=\"vc_column-inner\"><h3 class=\"w-text us_custom_d2eaf8d4 us_animate_this\"><span class=\"w-text-h\"><span class=\"w-text-value\">That\u2019s you<\/span><\/span><\/h3><div class=\"w-vwrapper us_custom_d77bca1a us_animate_this align_none valign_top\"><div class=\"w-iconbox iconpos_left style_default color_primary align_left no_title\"><div class=\"w-iconbox-icon\" style=\"font-size:1rem;\"><i class=\"fas fa-check-square\"><\/i><\/div><div class=\"w-iconbox-meta\"><div class=\"w-iconbox-text\"><p><span>You work carefully and reliably, and you enjoy making things look great.<\/span><\/p>\n<\/div><\/div><\/div><div class=\"w-iconbox iconpos_left style_default color_primary align_left no_title\"><div class=\"w-iconbox-icon\" style=\"font-size:1rem;\"><i class=\"fas fa-check-square\"><\/i><\/div><div class=\"w-iconbox-meta\"><div class=\"w-iconbox-text\"><p><span>You have an eye for detail and cleanliness<\/span><\/p>\n<\/div><\/div><\/div><div class=\"w-iconbox iconpos_left style_default color_primary align_left no_title\"><div class=\"w-iconbox-icon\" style=\"font-size:1rem;\"><i class=\"fas fa-check-square\"><\/i><\/div><div class=\"w-iconbox-meta\"><div class=\"w-iconbox-text\"><p><span>You\u2019re friendly, helpful, and enjoy working as part of a team<\/span><\/p>\n<\/div><\/div><\/div><div class=\"w-iconbox iconpos_left style_default color_primary align_left no_title\"><div class=\"w-iconbox-icon\" style=\"font-size:1rem;\"><i class=\"fas fa-check-square\"><\/i><\/div><div class=\"w-iconbox-meta\"><div class=\"w-iconbox-text\"><p><span>Ideally, you have housekeeping experience \u2013 but what matters more to us is your attitude.<\/span><\/p>\n<\/div><\/div><\/div><div class=\"w-iconbox iconpos_left style_default color_primary align_left no_title\"><div class=\"w-iconbox-icon\" style=\"font-size:1rem;\"><i class=\"fas fa-check-square\"><\/i><\/div><div class=\"w-iconbox-meta\"><div class=\"w-iconbox-text\"><p><span>You speak German or English<\/span> for basic communication<\/p>\n<\/div><\/div><\/div><\/div><\/div><\/div><\/div><\/div><\/section><section class=\"l-section wpb_row height_small color_alternate\"><div class=\"l-section-overlay\" style=\"background:var(--color-hintergrund-alternativ)\"><\/div><div class=\"l-section-h i-cf\"><div class=\"g-cols vc_row via_grid cols_1 laptops-cols_inherit tablets-cols_inherit mobiles-cols_1 valign_top type_default stacking_default\"><div class=\"wpb_column vc_column_container\"><div class=\"vc_column-inner\"><h3 class=\"w-text us_custom_d2eaf8d4 us_animate_this\"><span class=\"w-text-h\"><span class=\"w-text-value\">Why Bude54?<\/span><\/span><\/h3><div class=\"wpb_text_column us_custom_d77bca1a us_animate_this\"><div class=\"wpb_wrapper\"><p>Because with us, it\u2019s not just about cleaning \u2013 it\u2019s about creating an atmosphere. We believe a beautiful place only works with people who do their work with care and heart.<\/p>\n<\/div><\/div><\/div><\/div><\/div><\/div><\/section><section class=\"l-section wpb_row height_small color_alternate\"><div class=\"l-section-h i-cf\"><div class=\"g-cols vc_row via_grid cols_1 laptops-cols_inherit tablets-cols_inherit mobiles-cols_1 valign_top type_default stacking_default\"><div class=\"wpb_column vc_column_container\"><div class=\"vc_column-inner\"><h3 class=\"w-text us_custom_f001ce7e us_animate_this\"><span class=\"w-text-h\"><span class=\"w-text-value\">Apply now!<\/span><\/span><\/h3><div class=\"w-hwrapper us_custom_7e20fa79 us_animate_this valign_middle align_none\" style=\"--hwrapper-gap:2.4rem\"><div class=\"wpb_text_column us_custom_d77bca1a us_animate_this\"><div class=\"wpb_wrapper\"><p>We look forward to your application<\/p>\n<\/div><\/div><div class=\"w-btn-wrapper align_none\"><a class=\"w-btn us-btn-style_25\" href=\"mailto:jobs@bude54.de?subject=Bewerbung auf die Stelle: Housekeeping \/ Fr\u00fchst\u00fccksunterst\u00fctzung (m\/w\/d)\"><span class=\"w-btn-label\">send application now<\/span><\/a><\/div><\/div><div class=\"w-separator size_medium\"><\/div><\/div><\/div><\/div><\/div><\/section>\n","protected":false},"excerpt":{"rendered":"","protected":false},"author":1,"featured_media":1813,"parent":0,"menu_order":0,"comment_status":"closed","ping_status":"closed","template":"","meta":{"_acf_changed":false,"footnotes":""},"class_list":["post-1798","page","type-page","status-publish","has-post-thumbnail","hentry"],"acf":[],"_links":{"self":[{"href":"https:\/\/bude54.de\/en\/wp-json\/wp\/v2\/pages\/1798","targetHints":{"allow":["GET"]}}],"collection":[{"href":"https:\/\/bude54.de\/en\/wp-json\/wp\/v2\/pages"}],"about":[{"href":"https:\/\/bude54.de\/en\/wp-json\/wp\/v2\/types\/page"}],"author":[{"embeddable":true,"href":"https:\/\/bude54.de\/en\/wp-json\/wp\/v2\/users\/1"}],"replies":[{"embeddable":true,"href":"https:\/\/bude54.de\/en\/wp-json\/wp\/v2\/comments?post=1798"}],"version-history":[{"count":19,"href":"https:\/\/bude54.de\/en\/wp-json\/wp\/v2\/pages\/1798\/revisions"}],"predecessor-version":[{"id":1827,"href":"https:\/\/bude54.de\/en\/wp-json\/wp\/v2\/pages\/1798\/revisions\/1827"}],"wp:featuredmedia":[{"embeddable":true,"href":"https:\/\/bude54.de\/en\/wp-json\/wp\/v2\/media\/1813"}],"wp:attachment":[{"href":"https:\/\/bude54.de\/en\/wp-json\/wp\/v2\/media?parent=1798"}],"curies":[{"name":"wp","href":"https:\/\/api.w.org\/{rel}","templated":true}]}}