{"id":2037,"date":"2026-05-10T10:11:10","date_gmt":"2026-05-10T10:11:10","guid":{"rendered":"https:\/\/bude54.de\/moin-in-der-bude54-your-hotel-in-sankt-peter-ording-with-breakfast\/"},"modified":"2026-05-10T10:29:19","modified_gmt":"2026-05-10T10:29:19","slug":"moin-in-der-bude54-your-hotel-in-sankt-peter-ording-with-breakfast","status":"publish","type":"page","link":"https:\/\/bude54.de\/en\/moin-in-der-bude54-your-hotel-in-sankt-peter-ording-with-breakfast\/","title":{"rendered":"Moin in der Bude54 &#8211; Your hotel in Sankt Peter-Ording with breakfast"},"content":{"rendered":"<section class=\"l-section wpb_row height_small\"><div class=\"l-section-h i-cf\"><div class=\"g-cols vc_row via_grid cols_2 laptops-cols_inherit tablets-cols_inherit mobiles-cols_1 valign_middle type_default reversed stacking_default\" style=\"--columns-gap:0rem;\"><div class=\"wpb_column vc_column_container\"><div class=\"vc_column-inner\"><h1 class=\"w-text us_custom_1a7fcc4a has_text_color us_animate_this\"><span class=\"w-text-h\"><span class=\"w-text-value\">Your hotel in Sankt Peter-Ording with breakfast<\/span><\/span><\/h1><div class=\"wpb_text_column us_custom_9eaeff56 us_animate_this\"><div class=\"wpb_wrapper\"><h2 style=\"text-align: right;\" data-pm-slice=\"1 1 &#091;&#093;\"><em>Moin in the Bude54<\/em><\/h2>\n<\/div><\/div><div class=\"w-separator size_small\"><\/div><div class=\"wpb_text_column us_custom_c7d9dd6b us_animate_this\"><div class=\"wpb_wrapper\"><p style=\"text-align: right;\" data-pm-slice=\"1 1 &#091;&#093;\"><span style=\"font-weight: 400;\">There is that one moment in Sankt Peter-Ording when the day is still very young. The air is clear, the light over the salt marshes has that special glow and the house smells of freshly brewed coffee and freshly baked bread rolls. This is exactly how your morning starts at Bude54: unagitated, honest and damn tasty. If you&#8217;re looking for a hotel in Sankt Peter-Ording with breakfast that focuses on Nordic down-to-earthness instead of mass processing, you&#8217;ve come to the right place.   <\/span><\/p>\n<\/div><\/div><div class=\"w-separator size_custom\" style=\"height:40px\"><\/div><div class=\"w-hwrapper us_custom_cf7ec838 us_animate_this valign_top wrap stack_on_mobiles align_right\"><div class=\"w-btn-wrapper align_none\"><a class=\"w-btn us-btn-style_25\" href=\"https:\/\/buchen.bude54.de\/?module=public&amp;ratetype=frst&amp;lang=de&amp;filter=true\"><span class=\"w-btn-label\">book hotel in sankt peter-ording with breakfast<\/span><\/a><\/div><\/div><\/div><\/div><div class=\"wpb_column vc_column_container us_custom_95d492f5\"><div class=\"vc_column-inner\"><div class=\"w-separator hide_on_mobiles size_custom\" style=\"height:10vh\" id=\"f683\"><style>@media(max-width:600px){ #f683{height:14vh!important}}<\/style><\/div><div class=\"w-image us_custom_8c0d5f99 us_animate_this has_ratio align_none\"><div class=\"w-image-h\"><div style=\"padding-bottom:133.3333%\"><\/div><img decoding=\"async\" width=\"1024\" height=\"683\" src=\"https:\/\/bude54.de\/wp-content\/uploads\/bio-granola-muesli-fruehstueck-spo-1024x683.jpg\" class=\"attachment-large size-large\" alt=\"Gesundes M\u00fcsli mit Granola und Obst beim Fr\u00fchst\u00fcck im Hotel Bude54.\" loading=\"lazy\" \/><\/div><\/div><\/div><\/div><\/div><\/div><\/section><section class=\"l-section wpb_row height_custom\" id=\"buden\"><div class=\"l-section-h i-cf\"><div class=\"g-cols vc_row via_grid cols_2 laptops-cols_inherit tablets-cols_inherit mobiles-cols_1 valign_middle type_default reversed stacking_default\" style=\"--columns-gap:0rem;\"><div class=\"wpb_column vc_column_container us_custom_ebda694a\"><div class=\"vc_column-inner\"><div class=\"w-image us_custom_3c495894 us_animate_this has_ratio align_none\"><div class=\"w-image-h\"><div style=\"padding-bottom:69.8795%\"><\/div><img decoding=\"async\" width=\"1024\" height=\"683\" src=\"https:\/\/bude54.de\/wp-content\/uploads\/fruehstuecksei-moin-bude54-1024x683.jpg\" class=\"attachment-large size-large\" alt=\"Ein gekochtes Ei mit dem Schriftzug Moin beim Fr\u00fchst\u00fcck in der Bude54.\" loading=\"lazy\" \/><\/div><\/div><\/div><\/div><div class=\"wpb_column vc_column_container\"><div class=\"vc_column-inner\"><h2 class=\"w-text us_custom_1e943518 us_animate_this\"><span class=\"w-text-h\"><span class=\"w-text-value\">Why a hotel in Sankt Peter-Ording with breakfast is different with us<\/span><\/span><\/h2><div class=\"wpb_text_column us_custom_c35f4368 us_animate_this\"><div class=\"wpb_wrapper\"><p data-pm-slice=\"1 1 &#091;&#093;\"><span style=\"font-weight: 400;\">Forget the classic hotel service. With us, there&#8217;s no &#8220;Ladies and Gentlemen&#8221; and no stiff buffet rules. At Bude54, you are the guest of friends. Our breakfast takes place in our living room &#8211; the heart of the house. Here you can meet up for a chat or plan your next adventure on the beach in peace and quiet. While other hotels focus on quantity, we concentrate on what really counts: Quality, origin and comfort. Your place to unwind starts in the morning.      <\/span><\/p>\n<\/div><\/div><\/div><\/div><\/div><\/div><\/section><section class=\"l-section wpb_row us_custom_c86cdf74 height_auto full_height valign_center width_full\"><div class=\"l-section-overlay\" style=\"background:var(--color-hintergrund)\"><\/div><div class=\"l-section-h i-cf\"><div class=\"g-cols vc_row via_grid cols_2-3 laptops-cols_inherit tablets-cols_inherit mobiles-cols_1 valign_middle type_default reversed stacking_default\" style=\"--columns-gap:1.5rem;\"><div class=\"wpb_column vc_column_container us_custom_49d1bb0a\"><div class=\"vc_column-inner\"><h2 class=\"w-text us_custom_ab908255\"><span class=\"w-text-h\"><span class=\"w-text-value\">Bread roll craft<\/span><\/span><\/h2><h2 class=\"w-text us_custom_8e1ad7b3 has_text_color\"><span class=\"w-text-h\"><span class=\"w-text-value\">Basis for your day<\/span><\/span><\/h2><div class=\"wpb_text_column us_custom_c67fd66f us_animate_this\"><div class=\"wpb_wrapper\"><p style=\"text-align: right;\" data-pm-slice=\"1 1 &#091;&#093;\"><span style=\"font-weight: 400;\">We believe that a good day needs an honest foundation. That&#8217;s why our bread rolls don&#8217;t come from the baking station, but fresh every day from our local baker. So that we know exactly how much we need and nothing goes to waste, you can simply order your selection from us at reception the day before. This way, we guarantee real craftsmanship directly on your plate &#8211; without any food waste. This attention to detail makes us your special hotel in Sankt Peter-Ording with breakfast.    <\/span><\/p>\n<\/div><\/div><\/div><\/div><div class=\"wpb_column vc_column_container us_custom_2eab75f8 stretched\"><div class=\"vc_column-inner\"><div class=\"w-image us_custom_24719e5e us_animate_this has_height align_none\"><div class=\"w-image-h\"><img fetchpriority=\"high\" decoding=\"async\" width=\"1500\" height=\"849\" src=\"https:\/\/bude54.de\/wp-content\/uploads\/hotel-st-peter-ording-mit-fruehstueck-bude54-1500x849.jpg\" class=\"attachment-us_1500_1500 size-us_1500_1500\" alt=\"The perfect start to the day: our lavish breakfast buffet in St. Peter-Ording.\" loading=\"eager\" srcset=\"https:\/\/bude54.de\/wp-content\/uploads\/hotel-st-peter-ording-mit-fruehstueck-bude54-1500x849.jpg 1500w, https:\/\/bude54.de\/wp-content\/uploads\/hotel-st-peter-ording-mit-fruehstueck-bude54-300x170.jpg 300w, https:\/\/bude54.de\/wp-content\/uploads\/hotel-st-peter-ording-mit-fruehstueck-bude54-1024x580.jpg 1024w, https:\/\/bude54.de\/wp-content\/uploads\/hotel-st-peter-ording-mit-fruehstueck-bude54-750x425.jpg 750w\" sizes=\"(max-width: 1500px) 100vw, 1500px\" \/><\/div><\/div><\/div><\/div><\/div><\/div><\/section><section class=\"l-section wpb_row height_huge\"><div class=\"l-section-h i-cf\"><div class=\"g-cols vc_row via_grid cols_2 laptops-cols_inherit tablets-cols_inherit mobiles-cols_1 valign_middle type_default reversed stacking_default\" style=\"--columns-gap:0rem;\"><div class=\"wpb_column vc_column_container us_custom_ebda694a\"><div class=\"vc_column-inner\"><div class=\"w-image us_custom_3c495894 us_animate_this has_ratio align_none\"><div class=\"w-image-h\"><div style=\"padding-bottom:133.3333%\"><\/div><img decoding=\"async\" width=\"563\" height=\"750\" src=\"https:\/\/bude54.de\/wp-content\/uploads\/regionaler-kaese-fruehstueck-nordsee-1-563x750.jpg\" class=\"attachment-us_750_750 size-us_750_750\" alt=\"K\u00e4seplatte mit regionalem Husumer K\u00e4se auf dem Fr\u00fchst\u00fccksbuffet im Hotel Bude54.\" loading=\"lazy\" \/><\/div><\/div><\/div><\/div><div class=\"wpb_column vc_column_container\"><div class=\"vc_column-inner\"><h2 class=\"w-text us_custom_fa430826 us_animate_this\"><span class=\"w-text-h\"><span class=\"w-text-value\">North German neighborhood on the plate: regionality and homemade food<\/span><\/span><\/h2><div class=\"wpb_text_column us_custom_24754930 us_animate_this\"><div class=\"wpb_wrapper\"><p><span style=\"font-weight: 400;\">We love our neighborhood. That&#8217;s why you&#8217;ll find products on our buffet that tell a story. Husum cheese from Hofk\u00e4serei Backensholz is a real piece of North Frisia &#8211; raw milk cheese that tastes of character.  <\/span><\/p>\n<p><span style=\"font-weight: 400;\">We still do our own cooking in our kitchen. You will discover our homemade salads in the small jars on the buffet. Whether creamy egg salad, hearty tuna salad or our meat salad &#8211; everything is freshly prepared and perfectly portioned. Our avocado cream with a hint of chili and the oriental-inspired hummus add a modern touch. This is the culinary variety you expect from a hotel in Sankt Peter-Ording with breakfast.    <\/span><\/p>\n<\/div><\/div><div class=\"w-separator size_small\"><\/div><div class=\"w-btn-wrapper align_none\"><a class=\"w-btn us-btn-style_25\" href=\"https:\/\/buchen.bude54.de\/?module=public&amp;ratetype=frst&amp;lang=de&amp;filter=true\"><span class=\"w-btn-label\">book hotel in sankt peter-ording with breakfast<\/span><\/a><\/div><\/div><\/div><\/div><\/div><\/section><section class=\"l-section wpb_row height_custom\"><div class=\"l-section-h i-cf\"><div class=\"g-cols vc_row via_grid cols_2 laptops-cols_inherit tablets-cols_inherit mobiles-cols_1 valign_middle type_default reversed stacking_default\" style=\"--columns-gap:0rem;\"><div class=\"wpb_column vc_column_container\"><div class=\"vc_column-inner\"><div class=\"wpb_text_column us_custom_c0a5807e us_animate_this\"><div class=\"wpb_wrapper\"><h2 style=\"text-align: right;\">Bude feeling and buffet variety for every taste<\/h2>\n<\/div><\/div><div class=\"w-separator size_small\"><\/div><div class=\"wpb_text_column us_custom_903d5a5a us_animate_this\"><div class=\"wpb_wrapper\"><p style=\"text-align: right;\"><span style=\"font-weight: 400;\">Everyone eats breakfast differently. Some need vitamins, others need sweets for the soul. At Bude54, you&#8217;ll find your own space.  <\/span><\/p>\n<\/div><\/div><div class=\"w-separator size_small\"><\/div><div class=\"w-content-carousel items_1\"><div class=\"owl-carousel valign_stretch dotstyle_circle navstyle_circle arrows-ver-pos_top_inside arrows-hor-pos_on_sides_outside arrows-disabled_hide owl-responsive-2000 with_dots with_arrows\" style=\"--items-gap:30px;--transition-duration:800ms;--arrows-size:1.5rem;--arrows-ver-offset:7px;--arrows-hor-offset:29px;--arrows-gap:10px;\" onclick=\"return {&quot;aria_labels&quot;:{&quot;prev&quot;:&quot;Previous&quot;,&quot;next&quot;:&quot;Next&quot;},&quot;autoplayContinual&quot;:false,&quot;autoplayHoverPause&quot;:true,&quot;autoplayTimeout&quot;:3000,&quot;autoWidth&quot;:false,&quot;smartSpeed&quot;:800,&quot;margin&quot;:30,&quot;mouseDrag&quot;:true,&quot;rtl&quot;:false,&quot;slideBy&quot;:&quot;1&quot;,&quot;touchDrag&quot;:true,&quot;slideTransition&quot;:&quot;&quot;,&quot;responsive&quot;:{&quot;0&quot;:{&quot;autoHeight&quot;:false,&quot;autoplay&quot;:false,&quot;autoWidth&quot;:false,&quot;center&quot;:false,&quot;dots&quot;:false,&quot;items&quot;:1,&quot;loop&quot;:false,&quot;nav&quot;:false,&quot;stagePadding&quot;:0,&quot;slideBy&quot;:&quot;1&quot;},&quot;601&quot;:{&quot;autoHeight&quot;:false,&quot;autoplay&quot;:true,&quot;autoWidth&quot;:false,&quot;center&quot;:false,&quot;dots&quot;:true,&quot;items&quot;:1,&quot;loop&quot;:true,&quot;nav&quot;:true,&quot;stagePadding&quot;:0}}}\"><div class=\"w-iconbox us_custom_a2ebf4ae iconpos_top style_default color_primary align_center\"><div class=\"w-iconbox-icon\" style=\"font-size:2rem;\"><i class=\"fal fa-bacon\"><\/i><\/div><div class=\"w-iconbox-meta\"><h3 class=\"w-iconbox-title\" style=\"font-size:max( 1.5rem, 1.5vw );\">Hearty<\/h3><div class=\"w-iconbox-text\"><p><span style=\"font-weight: 400;\">Freshly prepared scrambled eggs with crispy bacon provide the energy you need for long walks on the beach.<\/span><\/p>\n<\/div><\/div><\/div><div class=\"w-iconbox us_custom_a2ebf4ae iconpos_top style_default color_primary align_center\"><div class=\"w-iconbox-icon\" style=\"font-size:2rem;\"><i class=\"fal fa-wheat\"><\/i><\/div><div class=\"w-iconbox-meta\"><h3 class=\"w-iconbox-title\" style=\"font-size:max( 1.5rem, 1.5vw );\">Muesli crew<\/h3><div class=\"w-iconbox-text\"><p><span style=\"font-weight: 400;\">You can choose between our &#8220;Fr\u00fchsportfreund&#8221; organic oat granola with coconut and raspberries or the &#8220;SaltCity&#8221; granola with nuts. It comes with fresh natural yoghurt, Greek yoghurt or overnight oats. <\/span><\/p>\n<\/div><\/div><\/div><div class=\"w-iconbox us_custom_a2ebf4ae iconpos_top style_default color_primary align_center\"><div class=\"w-iconbox-icon\" style=\"font-size:2rem;\"><i class=\"fal fa-wheat\"><\/i><\/div><div class=\"w-iconbox-meta\"><h3 class=\"w-iconbox-title\" style=\"font-size:max( 1.5rem, 1.5vw );\">Sweet beaks<\/h3><div class=\"w-iconbox-text\"><p><span style=\"font-weight: 400;\">Our pancakes with fresh berries and maple syrup are the perfect start for anyone who likes their mornings sweet. They go well with our selection of high-quality jams &#8211; from strawberry to cherry. <\/span><\/p>\n<\/div><\/div><\/div><\/div><\/div><div class=\"w-separator size_medium\"><\/div><\/div><\/div><div class=\"wpb_column vc_column_container us_custom_95d492f5\"><div class=\"vc_column-inner\"><div class=\"w-separator hide_on_mobiles size_custom\" style=\"height:10vh\" id=\"uad2\"><style>@media(max-width:600px){ #uad2{height:14vh!important}}<\/style><\/div><div class=\"w-image us_custom_e158ee6b us_animate_this has_ratio align_none\"><div class=\"w-image-h\"><div style=\"padding-bottom:128.8889%\"><\/div><img decoding=\"async\" width=\"1024\" height=\"683\" src=\"https:\/\/bude54.de\/wp-content\/uploads\/pancakes-beeren-fruehstueck-bude54-1024x683.jpg\" class=\"attachment-large size-large\" alt=\"Teller mit Pancakes und Blaubeeren beim Fr\u00fchst\u00fcck im Hotel Bude54.\" loading=\"lazy\" \/><\/div><\/div><div class=\"w-separator hide_on_mobiles size_large\"><\/div><\/div><\/div><\/div><\/div><\/section><section class=\"l-section wpb_row us_custom_84dd7221 height_custom\"><div class=\"l-section-h i-cf\"><div class=\"g-cols vc_row via_grid cols_1 laptops-cols_inherit tablets-cols_inherit mobiles-cols_1 valign_top type_default stacking_default\"><div class=\"wpb_column vc_column_container\"><div class=\"vc_column-inner\"><h2 class=\"w-text us_custom_aa4c2f34 us_animate_this\"><span class=\"w-text-h\"><span class=\"w-text-value\">Coffee flat rate and living room atmosphere<\/span><\/span><\/h2><div class=\"wpb_text_column us_custom_410e7144 us_animate_this\"><div class=\"wpb_wrapper\"><p style=\"text-align: center;\" data-pm-slice=\"1 1 &#091;&#093;\"><span style=\"font-weight: 400;\">The best thing about your morning at Bude54? The time is yours. In our living room, you can enjoy the coffee and tea flat rate daily from 08:00 to 16:00. Whether you&#8217;re drinking your first wake-up coffee or trying our wellness tea selection &#8211; take the space you need. We avoid artificial superlatives and prefer to let the materials do the talking: warm oak wood, tactile fabrics and Nordic design create an atmosphere that makes you want to put your feet up straight away.    <\/span><\/p>\n<\/div><\/div><div class=\"w-separator size_large\"><\/div><div class=\"w-image us_custom_296d42c3 us_animate_this has_ratio align_center\"><div class=\"w-image-h\"><div style=\"padding-bottom:42.4242%\"><\/div><img decoding=\"async\" width=\"2560\" height=\"1706\" src=\"https:\/\/bude54.de\/wp-content\/uploads\/lounge-ecke-farbpalette-entspannung-scaled.jpg\" class=\"attachment-full size-full\" alt=\"\" loading=\"lazy\" \/><\/div><\/div><div class=\"w-separator size_huge\"><\/div><\/div><\/div><\/div><\/div><\/section><section class=\"l-section wpb_row height_custom\"><div class=\"l-section-h i-cf\"><div class=\"g-cols vc_row via_grid cols_2 laptops-cols_inherit tablets-cols_inherit mobiles-cols_1 valign_top type_default stacking_default\"><div class=\"wpb_column vc_column_container\"><div class=\"vc_column-inner\"><h2 class=\"w-text us_custom_e1ade814\"><span class=\"w-text-h\"><span class=\"w-text-value\">Breathe deeply in<\/span><\/span><\/h2><h2 class=\"w-text us_custom_fe500da2 has_text_color\"><span class=\"w-text-h\"><span class=\"w-text-value\">St. Peter-Ording<\/span><\/span><\/h2><div class=\"wpb_text_column\"><div class=\"wpb_wrapper\"><p style=\"text-align: right;\"><span style=\"font-weight: 400;\">SPO is wide, wild and beautiful. At Bude54, we make sure that you feel this vastness right from breakfast. No crowds, no hustle and bustle. Just you, your coffee and the anticipation of the sea. When you book your hotel in Sankt Peter-Ording with breakfast online, you are choosing real relaxation from the very first moment.    <\/span><\/p>\n<p style=\"text-align: right;\"><strong>Come on. We\u2019re looking forward to meeting you.<\/strong><\/p>\n<\/div><\/div><\/div><\/div><div class=\"wpb_column vc_column_container\"><div class=\"vc_column-inner\"><div class=\"w-tabs style_default switch_click accordion type_togglable has_scrolling\" style=\"--sections-title-size:inherit\"><div class=\"w-tabs-sections titles-align_none icon_chevron cpos_right\"><div class=\"w-tabs-section\" id=\"vb60\" itemscope itemprop=\"mainEntity\" itemtype=\"https:\/\/schema.org\/Question\"><button class=\"w-tabs-section-header\" aria-controls=\"content-vb60\" aria-expanded=\"false\"><div class=\"w-tabs-section-title\" itemprop=\"name\">When can I have breakfast at Bude54?<\/div><div class=\"w-tabs-section-control\"><\/div><\/button><div  class=\"w-tabs-section-content\" id=\"content-vb60\" itemscope itemprop=\"acceptedAnswer\" itemtype=\"https:\/\/schema.org\/Answer\"><div class=\"w-tabs-section-content-h i-cf\" itemprop=\"text\"><div class=\"wpb_text_column\"><div class=\"wpb_wrapper\"><p data-pm-slice=\"1 1 &#091;\"bullet_list\",{},\"list_item\",{}&#093;\"><span style=\"font-weight: 400;\">Our breakfast buffet is available for you daily from 08:00 to 11:00. You can also enjoy our free coffee and tea flat rate in our living room from 08:00 to 16:00. <\/span><\/p>\n<\/div><\/div><\/div><\/div><\/div><div class=\"w-tabs-section\" id=\"sc3f\" itemscope itemprop=\"mainEntity\" itemtype=\"https:\/\/schema.org\/Question\"><button class=\"w-tabs-section-header\" aria-controls=\"content-sc3f\" aria-expanded=\"false\"><div class=\"w-tabs-section-title\" itemprop=\"name\">Where do the rolls come from?<\/div><div class=\"w-tabs-section-control\"><\/div><\/button><div  class=\"w-tabs-section-content\" id=\"content-sc3f\" itemscope itemprop=\"acceptedAnswer\" itemtype=\"https:\/\/schema.org\/Answer\"><div class=\"w-tabs-section-content-h i-cf\" itemprop=\"text\"><div class=\"wpb_text_column\"><div class=\"wpb_wrapper\"><p data-pm-slice=\"1 1 &#091;\"bullet_list\",{},\"list_item\",{}&#093;\"><span style=\"font-weight: 400;\">Quality is important to us. That&#8217;s why we get our bread rolls fresh from the local bakery every morning. To guarantee sustainability, you can simply register your bread roll requests with us at reception the day before.  <\/span><\/p>\n<\/div><\/div><\/div><\/div><\/div><div class=\"w-tabs-section\" id=\"ud03\" itemscope itemprop=\"mainEntity\" itemtype=\"https:\/\/schema.org\/Question\"><button class=\"w-tabs-section-header\" aria-controls=\"content-ud03\" aria-expanded=\"false\"><div class=\"w-tabs-section-title\" itemprop=\"name\">How much does breakfast at Bude54 cost?<\/div><div class=\"w-tabs-section-control\"><\/div><\/button><div  class=\"w-tabs-section-content\" id=\"content-ud03\" itemscope itemprop=\"acceptedAnswer\" itemtype=\"https:\/\/schema.org\/Answer\"><div class=\"w-tabs-section-content-h i-cf\" itemprop=\"text\"><div class=\"wpb_text_column\"><div class=\"wpb_wrapper\"><p><span style=\"font-weight: 400;\">For \u20ac19.50 per person, you can enjoy our full breakfast buffet including all drinks. We believe that a good morning should be affordable for the whole crew: children up to the age of 5 eat breakfast with us free of charge. For kids between 6 and 11 years we charge \u20ac10, and from 12 years the regular price for adults applies.  <\/span><\/p>\n<\/div><\/div><\/div><\/div><\/div><div class=\"w-tabs-section\" id=\"odc3\" itemscope itemprop=\"mainEntity\" itemtype=\"https:\/\/schema.org\/Question\"><button class=\"w-tabs-section-header\" aria-controls=\"content-odc3\" aria-expanded=\"false\"><div class=\"w-tabs-section-title\" itemprop=\"name\">Does Bude54 also offer vegan options?<\/div><div class=\"w-tabs-section-control\"><\/div><\/button><div  class=\"w-tabs-section-content\" id=\"content-odc3\" itemscope itemprop=\"acceptedAnswer\" itemtype=\"https:\/\/schema.org\/Answer\"><div class=\"w-tabs-section-content-h i-cf\" itemprop=\"text\"><div class=\"wpb_text_column\"><div class=\"wpb_wrapper\"><p data-pm-slice=\"1 1 &#091;\"bullet_list\",{},\"list_item\",{}&#093;\"><span style=\"font-weight: 400;\">Absolutely. Our range includes hummus, avocado cream, various jams and vegan muesli varieties (such as our overnight oats) as well as oat milk. <\/span><\/p>\n<\/div><\/div><\/div><\/div><\/div><div class=\"w-tabs-section\" id=\"ce76\" itemscope itemprop=\"mainEntity\" itemtype=\"https:\/\/schema.org\/Question\"><button class=\"w-tabs-section-header\" aria-controls=\"content-ce76\" aria-expanded=\"false\"><div class=\"w-tabs-section-title\" itemprop=\"name\">Can I bring my dog to breakfast?<\/div><div class=\"w-tabs-section-control\"><\/div><\/button><div  class=\"w-tabs-section-content\" id=\"content-ce76\" itemscope itemprop=\"acceptedAnswer\" itemtype=\"https:\/\/schema.org\/Answer\"><div class=\"w-tabs-section-content-h i-cf\" itemprop=\"text\"><div class=\"wpb_text_column\"><div class=\"wpb_wrapper\"><p data-pm-slice=\"1 1 &#091;&#093;\">No, during breakfast time from 08:00 to 11:00, we give our four-legged guests a little break in the Buden. This means that all guests can enjoy their first sandwich in the living room in complete relaxation. Your dog can simply use this time to sleep in before your adventure together in SPO begins.  <\/p>\n<\/div><\/div><\/div><\/div><\/div><\/div><\/div><\/div><\/div><\/div><\/div><\/section>\n","protected":false},"excerpt":{"rendered":"","protected":false},"author":1,"featured_media":2044,"parent":0,"menu_order":0,"comment_status":"closed","ping_status":"closed","template":"","meta":{"_acf_changed":false,"footnotes":""},"class_list":["post-2037","page","type-page","status-publish","has-post-thumbnail","hentry"],"acf":[],"_links":{"self":[{"href":"https:\/\/bude54.de\/en\/wp-json\/wp\/v2\/pages\/2037","targetHints":{"allow":["GET"]}}],"collection":[{"href":"https:\/\/bude54.de\/en\/wp-json\/wp\/v2\/pages"}],"about":[{"href":"https:\/\/bude54.de\/en\/wp-json\/wp\/v2\/types\/page"}],"author":[{"embeddable":true,"href":"https:\/\/bude54.de\/en\/wp-json\/wp\/v2\/users\/1"}],"replies":[{"embeddable":true,"href":"https:\/\/bude54.de\/en\/wp-json\/wp\/v2\/comments?post=2037"}],"version-history":[{"count":6,"href":"https:\/\/bude54.de\/en\/wp-json\/wp\/v2\/pages\/2037\/revisions"}],"predecessor-version":[{"id":2063,"href":"https:\/\/bude54.de\/en\/wp-json\/wp\/v2\/pages\/2037\/revisions\/2063"}],"wp:featuredmedia":[{"embeddable":true,"href":"https:\/\/bude54.de\/en\/wp-json\/wp\/v2\/media\/2044"}],"wp:attachment":[{"href":"https:\/\/bude54.de\/en\/wp-json\/wp\/v2\/media?parent=2037"}],"curies":[{"name":"wp","href":"https:\/\/api.w.org\/{rel}","templated":true}]}}